{"id":905,"date":"2019-07-07T17:27:53","date_gmt":"2019-07-07T15:27:53","guid":{"rendered":"https:\/\/tddbpodd.se\/?page_id=905"},"modified":"2026-02-16T20:20:04","modified_gmt":"2026-02-16T19:20:04","slug":"merch","status":"publish","type":"page","link":"https:\/\/tddbpodd.se\/merch","title":{"rendered":"TddB merch!!"},"content":{"rendered":"\n<p>P\u00e5 allm\u00e4n beg\u00e4ran kommer nu lite efterl\u00e4ngtad merch. I v\u00e5r enkla aff\u00e4r hittar du snyggis-tishor som g\u00f6r dig till kung eller drottning p\u00e5 vilken tillst\u00e4llning som helst. <strong><a aria-label=\"Kom och k\u00f6p! (\u00f6ppnas i en ny flik)\" href=\"https:\/\/teespring.com\/stores\/tddbpodd\" target=\"_blank\" rel=\"noreferrer noopener\">Kom och k\u00f6p!<\/a><\/strong><\/p>\n\n\n\n<figure class=\"wp-block-image size-large\"><a href=\"https:\/\/tddbpodd.creator-spring.com\/listing\/new-ta-det-vackert-tishan?product=389\" target=\"_blank\" rel=\"noreferrer noopener\"><img loading=\"lazy\" decoding=\"async\" width=\"1024\" height=\"999\" src=\"https:\/\/tddbpodd.se\/wp-content\/uploads\/2024\/01\/ta-det-vackert-tishan-1-1024x999.png\" alt=\"\" class=\"wp-image-2204\" srcset=\"https:\/\/tddbpodd.se\/wp-content\/uploads\/2024\/01\/ta-det-vackert-tishan-1-1024x999.png 1024w, https:\/\/tddbpodd.se\/wp-content\/uploads\/2024\/01\/ta-det-vackert-tishan-1-300x293.png 300w, https:\/\/tddbpodd.se\/wp-content\/uploads\/2024\/01\/ta-det-vackert-tishan-1-768x749.png 768w, https:\/\/tddbpodd.se\/wp-content\/uploads\/2024\/01\/ta-det-vackert-tishan-1.png 1152w\" sizes=\"auto, (max-width: 1024px) 100vw, 1024px\" \/><\/a><\/figure>\n\n\n\n<figure class=\"wp-block-image size-large\"><a href=\"https:\/\/tddbpodd.creator-spring.com\/listing\/tddb-tshirt?product=387\" target=\"_blank\" rel=\"noreferrer noopener\"><img loading=\"lazy\" decoding=\"async\" width=\"1024\" height=\"971\" src=\"https:\/\/tddbpodd.se\/wp-content\/uploads\/2024\/01\/tddb-tishan-1024x971.png\" alt=\"\" class=\"wp-image-2202\" srcset=\"https:\/\/tddbpodd.se\/wp-content\/uploads\/2024\/01\/tddb-tishan-1024x971.png 1024w, https:\/\/tddbpodd.se\/wp-content\/uploads\/2024\/01\/tddb-tishan-300x284.png 300w, https:\/\/tddbpodd.se\/wp-content\/uploads\/2024\/01\/tddb-tishan-768x728.png 768w, https:\/\/tddbpodd.se\/wp-content\/uploads\/2024\/01\/tddb-tishan.png 1198w\" sizes=\"auto, (max-width: 1024px) 100vw, 1024px\" \/><\/a><\/figure>\n\n\n\n<p>S\u00e5 vad v\u00e4ntar du p\u00e5? <strong><a aria-label=\"Klicka in (\u00f6ppnas i en ny flik)\" href=\"https:\/\/teespring.com\/stores\/tddbpodd\" target=\"_blank\" rel=\"noreferrer noopener\">Klicka in<\/a><\/strong>, svinga l\u00e4dret, f\u00e5 fancy grejor och k\u00e4nn att du st\u00f6ttar poddens fortsatta \u00f6verlevnad.<\/p>\n\n\n\n<p>Tack p\u00e5 f\u00f6rhand!<\/p>\n\n\n\n<p><em>\/ Magnus &amp; Jocke<\/em><\/p>\n","protected":false},"excerpt":{"rendered":"<p>P\u00e5 allm\u00e4n beg\u00e4ran kommer nu lite efterl\u00e4ngtad merch. I v\u00e5r enkla aff\u00e4r hittar du snyggis-tishor som g\u00f6r dig till kung eller drottning p\u00e5 vilken tillst\u00e4llning som helst. Kom och k\u00f6p! S\u00e5 vad v\u00e4ntar du p\u00e5? Klicka in, svinga l\u00e4dret, f\u00e5 fancy grejor och k\u00e4nn att du st\u00f6ttar poddens fortsatta \u00f6verlevnad. Tack p\u00e5 f\u00f6rhand! \/ Magnus [&hellip;]<\/p>\n","protected":false},"author":1,"featured_media":0,"parent":0,"menu_order":0,"comment_status":"closed","ping_status":"closed","template":"","meta":{"footnotes":""},"class_list":["post-905","page","type-page","status-publish","hentry"],"_links":{"self":[{"href":"https:\/\/tddbpodd.se\/index.php?rest_route=\/wp\/v2\/pages\/905","targetHints":{"allow":["GET"]}}],"collection":[{"href":"https:\/\/tddbpodd.se\/index.php?rest_route=\/wp\/v2\/pages"}],"about":[{"href":"https:\/\/tddbpodd.se\/index.php?rest_route=\/wp\/v2\/types\/page"}],"author":[{"embeddable":true,"href":"https:\/\/tddbpodd.se\/index.php?rest_route=\/wp\/v2\/users\/1"}],"replies":[{"embeddable":true,"href":"https:\/\/tddbpodd.se\/index.php?rest_route=%2Fwp%2Fv2%2Fcomments&post=905"}],"version-history":[{"count":0,"href":"https:\/\/tddbpodd.se\/index.php?rest_route=\/wp\/v2\/pages\/905\/revisions"}],"wp:attachment":[{"href":"https:\/\/tddbpodd.se\/index.php?rest_route=%2Fwp%2Fv2%2Fmedia&parent=905"}],"curies":[{"name":"wp","href":"https:\/\/api.w.org\/{rel}","templated":true}]}}