{"id":677,"date":"2018-09-29T13:15:05","date_gmt":"2018-09-29T11:15:05","guid":{"rendered":"https:\/\/tddbpodd.se\/?page_id=677"},"modified":"2019-06-25T17:21:12","modified_gmt":"2019-06-25T15:21:12","slug":"stotta-podden","status":"publish","type":"page","link":"https:\/\/tddbpodd.se\/?page_id=677","title":{"rendered":"St\u00f6tta podden"},"content":{"rendered":"<p>Som alla podcasts har <strong>Till den det ber\u00f6r<\/strong> utgifter.&nbsp; Vi betalar till exempel f\u00f6r dom\u00e4nnamnet, hyra av studio, de saker vi provsmakar i podden (som inte ni underbara lyssnare sponsrat oss med), kostnader f\u00f6r resor till och fr\u00e5n studion och s\u00e5klart v\u00e5r tid.<\/p>\n<p>Vi tycker s\u00e5klart att poddar skall vara gratis och det kommer <strong>Till den det ber\u00f6r<\/strong> alltid att vara! Men vi vet ocks\u00e5 att det finns m\u00e5nga av er som lyssnare som uppskattar det vi g\u00f6r s\u00e5pass mycket att ni vill vara med och st\u00f6tta oss p\u00e5 olika s\u00e4tt. Till exempel genom att skicka oss saker att provsmaka i podcasten, eller helt enkelt st\u00f6tta oss ekonomiskt med en liten peng varje m\u00e5nad.<\/p>\n<p>F\u00f6r att g\u00f6ra detta m\u00f6jligt p\u00e5 ett smidigt och transparent s\u00e4tt har vi d\u00e4rf\u00f6r satt upp en <a href=\"https:\/\/www.patreon.com\/tddbpodd\" target=\"_blank\" rel=\"noopener noreferrer\">Patreon-sida<\/a>, d\u00e4r du kan v\u00e4lja ett av fem f\u00f6rvalda belopp per m\u00e5nad som du st\u00f6ttar oss med. Pengarna g\u00e5r s\u00e5klart oavkortat till att h\u00e5lla podden vid liv och f\u00f6r att kunna g\u00f6ra \u00e4nnu roligare avsnitt!<\/p>\n<p>S\u00e5 vill du st\u00f6tta oss \u00e4r du v\u00e4lkommen att klicka dig vidare till v\u00e5r <a href=\"https:\/\/www.patreon.com\/tddbpodd\" target=\"_blank\" rel=\"noopener noreferrer\">Patreon-sida<\/a>.<\/p>\n<p><a href=\"https:\/\/www.patreon.com\/bePatron?u=10385312\" data-patreon-widget-type=\"become-patron-button\">Become a Patron!<\/a><script async=\"\" src=\"https:\/\/c6.patreon.com\/becomePatronButton.bundle.js\"><\/script><\/p>\n<p>Det g\u00e5r ocks\u00e5 bra att st\u00f6tta oss med ett eng\u00e5ngsbelopp via PayPal, via knappen nedan.<\/p>\n<form action=\"https:\/\/www.paypal.com\/cgi-bin\/webscr\" method=\"post\" target=\"_top\"><input name=\"cmd\" type=\"hidden\" value=\"_s-xclick\"> <input name=\"hosted_button_id\" type=\"hidden\" value=\"7FBGWQ5KAX9JJ\"> <input title=\"PayPal - The safer, easier way to pay online!\" alt=\"Donera med PayPal-knappen\" name=\"submit\" src=\"https:\/\/www.paypalobjects.com\/sv_SE\/SE\/i\/btn\/btn_donateCC_LG.gif\" type=\"image\"> <img loading=\"lazy\" decoding=\"async\" src=\"https:\/\/www.paypal.com\/sv_SE\/i\/scr\/pixel.gif\" alt=\"\" width=\"1\" height=\"1\" border=\"0\"><\/form>\n<p>Tack f\u00f6r att du lyssnar!<\/p>\n<p><em>\/ Magnus &amp; Jocke<\/em><\/p>\n","protected":false},"excerpt":{"rendered":"<p>Som alla podcasts har Till den det ber\u00f6r utgifter.&nbsp; Vi betalar till exempel f\u00f6r dom\u00e4nnamnet, hyra av studio, de saker vi provsmakar i podden (som inte ni underbara lyssnare sponsrat oss med), kostnader f\u00f6r resor till och fr\u00e5n studion och s\u00e5klart v\u00e5r tid. Vi tycker s\u00e5klart att poddar skall vara gratis och det kommer Till [&hellip;]<\/p>\n","protected":false},"author":1,"featured_media":0,"parent":0,"menu_order":0,"comment_status":"closed","ping_status":"closed","template":"","meta":{"footnotes":""},"class_list":["post-677","page","type-page","status-publish","hentry"],"_links":{"self":[{"href":"https:\/\/tddbpodd.se\/index.php?rest_route=\/wp\/v2\/pages\/677","targetHints":{"allow":["GET"]}}],"collection":[{"href":"https:\/\/tddbpodd.se\/index.php?rest_route=\/wp\/v2\/pages"}],"about":[{"href":"https:\/\/tddbpodd.se\/index.php?rest_route=\/wp\/v2\/types\/page"}],"author":[{"embeddable":true,"href":"https:\/\/tddbpodd.se\/index.php?rest_route=\/wp\/v2\/users\/1"}],"replies":[{"embeddable":true,"href":"https:\/\/tddbpodd.se\/index.php?rest_route=%2Fwp%2Fv2%2Fcomments&post=677"}],"version-history":[{"count":0,"href":"https:\/\/tddbpodd.se\/index.php?rest_route=\/wp\/v2\/pages\/677\/revisions"}],"wp:attachment":[{"href":"https:\/\/tddbpodd.se\/index.php?rest_route=%2Fwp%2Fv2%2Fmedia&parent=677"}],"curies":[{"name":"wp","href":"https:\/\/api.w.org\/{rel}","templated":true}]}}