{"id":131,"date":"2017-07-02T17:31:42","date_gmt":"2017-07-02T15:31:42","guid":{"rendered":"https:\/\/tddbpodd.se\/?page_id=131"},"modified":"2017-11-11T14:54:04","modified_gmt":"2017-11-11T13:54:04","slug":"feedback","status":"publish","type":"page","link":"https:\/\/tddbpodd.se\/?page_id=131","title":{"rendered":"Feedback"},"content":{"rendered":"<p>Har du synpunkter p\u00e5 inneh\u00e5llet, id\u00e9er om vad vi borde snacka om eller kanske bara vill h\u00f6ra av dig? Bes\u00f6k g\u00e4rna v\u00e5r <a href=\"https:\/\/www.facebook.com\/groups\/tddbpodd\/\" target=\"_blank\" rel=\"noopener\"><strong>Facebook-grupp<\/strong><\/a> d\u00e4r vi tillsammans h\u00e5ller diskussionen vid liv.<\/p>\n<p>Vi finns \u00e4ven p\u00e5 <strong><a href=\"https:\/\/instagram.com\/tddbpodd\/\" target=\"_blank\" rel=\"noopener\">Instagram<\/a><\/strong> och <strong><a href=\"https:\/\/twitter.com\/tddbpodd\" target=\"_blank\" rel=\"noopener\">Twitter<\/a><\/strong> om du hellre f\u00f6redrar n\u00e5gon av dessa plattformar.<\/p>\n","protected":false},"excerpt":{"rendered":"<p>Har du synpunkter p\u00e5 inneh\u00e5llet, id\u00e9er om vad vi borde snacka om eller kanske bara vill h\u00f6ra av dig? Bes\u00f6k g\u00e4rna v\u00e5r Facebook-grupp d\u00e4r vi tillsammans h\u00e5ller diskussionen vid liv. Vi finns \u00e4ven p\u00e5 Instagram och Twitter om du hellre f\u00f6redrar n\u00e5gon av dessa plattformar.<\/p>\n","protected":false},"author":1,"featured_media":0,"parent":0,"menu_order":0,"comment_status":"closed","ping_status":"open","template":"","meta":{"footnotes":""},"class_list":["post-131","page","type-page","status-publish","hentry"],"_links":{"self":[{"href":"https:\/\/tddbpodd.se\/index.php?rest_route=\/wp\/v2\/pages\/131","targetHints":{"allow":["GET"]}}],"collection":[{"href":"https:\/\/tddbpodd.se\/index.php?rest_route=\/wp\/v2\/pages"}],"about":[{"href":"https:\/\/tddbpodd.se\/index.php?rest_route=\/wp\/v2\/types\/page"}],"author":[{"embeddable":true,"href":"https:\/\/tddbpodd.se\/index.php?rest_route=\/wp\/v2\/users\/1"}],"replies":[{"embeddable":true,"href":"https:\/\/tddbpodd.se\/index.php?rest_route=%2Fwp%2Fv2%2Fcomments&post=131"}],"version-history":[{"count":0,"href":"https:\/\/tddbpodd.se\/index.php?rest_route=\/wp\/v2\/pages\/131\/revisions"}],"wp:attachment":[{"href":"https:\/\/tddbpodd.se\/index.php?rest_route=%2Fwp%2Fv2%2Fmedia&parent=131"}],"curies":[{"name":"wp","href":"https:\/\/api.w.org\/{rel}","templated":true}]}}